{"id":3,"date":"2024-10-12T22:31:51","date_gmt":"2024-10-12T22:31:51","guid":{"rendered":"http:\/\/intelligentproducts.net\/?page_id=3"},"modified":"2024-10-17T22:32:37","modified_gmt":"2024-10-17T22:32:37","slug":"politicas-de-privacidad","status":"publish","type":"page","link":"https:\/\/intelligentproducts.net\/en\/politicas-de-privacidad\/","title":{"rendered":"Politicas de privacidad"},"content":{"rendered":"<div class=\"wp-block-uagb-container uagb-block-ea754f37 alignfull uagb-is-root-container\"><div class=\"uagb-container-inner-blocks-wrap\">\n<div class=\"wp-block-uagb-advanced-heading uagb-block-093a75f1\"><h2 class=\"uagb-heading-text\">Privacy Notice<\/h2><\/div>\n\n\n\n<div class=\"wp-block-uagb-advanced-heading uagb-block-8f9437c7\"><p class=\"uagb-heading-text\">In compliance with Mexican legislation on personal data protection, INTELLIGENT PRODUCTS (hereinafter \u201cIntelligent Products\u201d), located at Av. Ruiz Cortines 2650-A Oriente, Colonia Pro Vivienda La Esperanza, Guadalupe, Nuevo Le\u00f3n, provides the following privacy notice:<\/p><\/div>\n\n\n\n<div class=\"wp-block-uagb-advanced-heading uagb-block-f47898e6\"><p class=\"uagb-heading-text\">Intelligent Products (\"we\", \"our\" or \"us\") is committed to protecting the privacy of its users. These Privacy Notices describe how we collect, use and protect the information we collect through our website, services and any other means related to Intelligent Products.<\/p><\/div>\n<\/div><\/div>\n\n\n\n<div class=\"wp-block-uagb-container uagb-block-662766b0 alignfull uagb-is-root-container\"><div class=\"uagb-container-inner-blocks-wrap\">\n<div class=\"wp-block-uagb-advanced-heading uagb-block-560f254f\"><h4 class=\"uagb-heading-text\">Information we collect:<\/h4><\/div>\n\n\n\n<div class=\"wp-block-uagb-advanced-heading uagb-block-d90e3955\"><p class=\"uagb-heading-text\">a. Personally Identifiable Information: We may collect personally identifiable information, such as names, addresses, email addresses and telephone numbers, whenever users interact with our website, services or products.<br>b. Non-Personally Identifiable Information: We may also collect non-personally identifiable information, such as website usage data, packaging preferences, and other usage metrics.<\/p><\/div>\n<\/div><\/div>\n\n\n\n<div class=\"wp-block-uagb-container uagb-block-30747bba alignfull uagb-is-root-container\"><div class=\"uagb-container-inner-blocks-wrap\">\n<div class=\"wp-block-uagb-advanced-heading uagb-block-96923374\"><h4 class=\"uagb-heading-text\">Use of information:<\/h4><\/div>\n\n\n\n<div class=\"wp-block-uagb-advanced-heading uagb-block-3af1433a\"><p class=\"uagb-heading-text\">a. We use the information collected to provide and improve our services and products, to personalize the user experience, and to respond to user inquiries and requests. b. We may also use the information for marketing and advertising purposes, provided we have the user's prior consent.<\/p><\/div>\n<\/div><\/div>\n\n\n\n<div class=\"wp-block-uagb-container uagb-block-47d6cf51 alignfull uagb-is-root-container\"><div class=\"uagb-container-inner-blocks-wrap\">\n<div class=\"wp-block-uagb-advanced-heading uagb-block-1d090b4c\"><h4 class=\"uagb-heading-text\">Disclosure of information:<\/h4><\/div>\n\n\n\n<div class=\"wp-block-uagb-advanced-heading uagb-block-4a345b52\"><p class=\"uagb-heading-text\">a. We do not sell, rent, or share personal information with third parties except in the limited circumstances described in this Privacy Notice or with user consent.<br>b. We may share non-personally identifiable information with third parties for purposes of analysis and improving our services and products.<\/p><\/div>\n<\/div><\/div>\n\n\n\n<div class=\"wp-block-uagb-container uagb-block-c9cc0767 alignfull uagb-is-root-container\"><div class=\"uagb-container-inner-blocks-wrap\">\n<div class=\"wp-block-uagb-advanced-heading uagb-block-76b48799\"><h4 class=\"uagb-heading-text\">Information Security:<\/h4><\/div>\n\n\n\n<div class=\"wp-block-uagb-advanced-heading uagb-block-0d69b3a4\"><p class=\"uagb-heading-text\">a. We implement reasonable security measures to protect the information we collect from unauthorized access, disclosure, alteration or destruction.<br>b. However, no data transmission over the Internet or any other electronic means can be guaranteed to be 100% secure.<\/p><\/div>\n<\/div><\/div>\n\n\n\n<div class=\"wp-block-uagb-container uagb-block-4bc81f13 alignfull uagb-is-root-container\"><div class=\"uagb-container-inner-blocks-wrap\">\n<div class=\"wp-block-uagb-advanced-heading uagb-block-2ad73ae0\"><h4 class=\"uagb-heading-text\">User consent:<\/h4><\/div>\n\n\n\n<div class=\"wp-block-uagb-advanced-heading uagb-block-1c47a436\"><p class=\"uagb-heading-text\">a. By using our website, services or products, users agree to the terms of this Privacy Notice.<br>b. Users may withdraw their consent at any time by contacting us through the channels provided.<\/p><\/div>\n<\/div><\/div>\n\n\n\n<div class=\"wp-block-uagb-container uagb-block-c14f55ae alignfull uagb-is-root-container\"><div class=\"uagb-container-inner-blocks-wrap\">\n<div class=\"wp-block-uagb-advanced-heading uagb-block-d06c3732\"><h4 class=\"uagb-heading-text\">Changes to the Privacy Notice:<\/h4><\/div>\n\n\n\n<div class=\"wp-block-uagb-advanced-heading uagb-block-69a9758b\"><p class=\"uagb-heading-text\">a. We reserve the right to update this Privacy Notice at any time. Users are encouraged to periodically review this page for changes.<br>b. La fecha de la \u00faltima actualizaci\u00f3n se indicar\u00e1 en la parte superior de esta p\u00e1gina.<\/p><\/div>\n\n\n\n<div class=\"wp-block-uagb-advanced-heading uagb-block-c19d224b\"><p class=\"uagb-heading-text\">If users have any questions or concerns about this Privacy Notice, they may contact us using the contact information provided on our website.<\/p><\/div>\n\n\n\n<div class=\"wp-block-uagb-advanced-heading uagb-block-18692716\"><p class=\"uagb-heading-text\">By using our website, services or products, you agree and consent to the processing of your information as set out in this Privacy Notice.<\/p><\/div>\n<\/div><\/div>\n\n\n\n<p><\/p>","protected":false},"excerpt":{"rendered":"<p>Aviso privacidad En cumplimiento de la legislaci\u00f3n mexicana en materia de protecci\u00f3n de datos personales, INTELLIGENT PRODUCTS (en adelante &#8220;Intelligent [&hellip;]<\/p>","protected":false},"author":1,"featured_media":0,"parent":0,"menu_order":0,"comment_status":"closed","ping_status":"closed","template":"","meta":{"_uag_custom_page_level_css":"","site-sidebar-layout":"default","site-content-layout":"","ast-site-content-layout":"","site-content-style":"default","site-sidebar-style":"default","ast-global-header-display":"","ast-banner-title-visibility":"","ast-main-header-display":"","ast-hfb-above-header-display":"","ast-hfb-below-header-display":"","ast-hfb-mobile-header-display":"","site-post-title":"","ast-breadcrumbs-content":"","ast-featured-img":"","footer-sml-layout":"","theme-transparent-header-meta":"","adv-header-id-meta":"","stick-header-meta":"","header-above-stick-meta":"","header-main-stick-meta":"","header-below-stick-meta":"","astra-migrate-meta-layouts":"default","ast-page-background-enabled":"default","ast-page-background-meta":{"desktop":{"background-color":"var(--ast-global-color-4)","background-image":"","background-repeat":"repeat","background-position":"center center","background-size":"auto","background-attachment":"scroll","background-type":"","background-media":"","overlay-type":"","overlay-color":"","overlay-opacity":"","overlay-gradient":""},"tablet":{"background-color":"","background-image":"","background-repeat":"repeat","background-position":"center center","background-size":"auto","background-attachment":"scroll","background-type":"","background-media":"","overlay-type":"","overlay-color":"","overlay-opacity":"","overlay-gradient":""},"mobile":{"background-color":"","background-image":"","background-repeat":"repeat","background-position":"center center","background-size":"auto","background-attachment":"scroll","background-type":"","background-media":"","overlay-type":"","overlay-color":"","overlay-opacity":"","overlay-gradient":""}},"ast-content-background-meta":{"desktop":{"background-color":"var(--ast-global-color-5)","background-image":"","background-repeat":"repeat","background-position":"center center","background-size":"auto","background-attachment":"scroll","background-type":"","background-media":"","overlay-type":"","overlay-color":"","overlay-opacity":"","overlay-gradient":""},"tablet":{"background-color":"var(--ast-global-color-5)","background-image":"","background-repeat":"repeat","background-position":"center center","background-size":"auto","background-attachment":"scroll","background-type":"","background-media":"","overlay-type":"","overlay-color":"","overlay-opacity":"","overlay-gradient":""},"mobile":{"background-color":"var(--ast-global-color-5)","background-image":"","background-repeat":"repeat","background-position":"center center","background-size":"auto","background-attachment":"scroll","background-type":"","background-media":"","overlay-type":"","overlay-color":"","overlay-opacity":"","overlay-gradient":""}},"footnotes":""},"class_list":["post-3","page","type-page","status-publish","hentry"],"uagb_featured_image_src":{"full":false,"thumbnail":false,"medium":false,"medium_large":false,"large":false,"1536x1536":false,"2048x2048":false,"trp-custom-language-flag":false},"uagb_author_info":{"display_name":"rawy","author_link":"https:\/\/intelligentproducts.net\/en\/author\/rawy\/"},"uagb_comment_info":0,"uagb_excerpt":"Aviso privacidad En cumplimiento de la legislaci\u00f3n mexicana en materia de protecci\u00f3n de datos personales, INTELLIGENT PRODUCTS (en adelante &#8220;Intelligent [&hellip;]","_links":{"self":[{"href":"https:\/\/intelligentproducts.net\/en\/wp-json\/wp\/v2\/pages\/3","targetHints":{"allow":["GET"]}}],"collection":[{"href":"https:\/\/intelligentproducts.net\/en\/wp-json\/wp\/v2\/pages"}],"about":[{"href":"https:\/\/intelligentproducts.net\/en\/wp-json\/wp\/v2\/types\/page"}],"author":[{"embeddable":true,"href":"https:\/\/intelligentproducts.net\/en\/wp-json\/wp\/v2\/users\/1"}],"replies":[{"embeddable":true,"href":"https:\/\/intelligentproducts.net\/en\/wp-json\/wp\/v2\/comments?post=3"}],"version-history":[{"count":11,"href":"https:\/\/intelligentproducts.net\/en\/wp-json\/wp\/v2\/pages\/3\/revisions"}],"predecessor-version":[{"id":1406,"href":"https:\/\/intelligentproducts.net\/en\/wp-json\/wp\/v2\/pages\/3\/revisions\/1406"}],"wp:attachment":[{"href":"https:\/\/intelligentproducts.net\/en\/wp-json\/wp\/v2\/media?parent=3"}],"curies":[{"name":"wp","href":"https:\/\/api.w.org\/{rel}","templated":true}]}}